{"id":9332,"date":"2026-03-20T17:37:45","date_gmt":"2026-03-20T17:37:45","guid":{"rendered":"https:\/\/valorisbrandsgroup.com\/?page_id=9332"},"modified":"2026-03-20T18:18:44","modified_gmt":"2026-03-20T18:18:44","slug":"mentions-legales-fr","status":"publish","type":"page","link":"https:\/\/valorisbrandsgroup.com\/fr\/mentions-legales-fr\/","title":{"rendered":"Mentions l\u00e9gales FR"},"content":{"rendered":"\t\t<div data-elementor-type=\"wp-page\" data-elementor-id=\"9332\" class=\"elementor elementor-9332\" data-elementor-post-type=\"page\">\n\t\t\t\t<div class=\"elementor-element elementor-element-04c072d e-flex e-con-boxed e-con e-parent\" data-id=\"04c072d\" data-element_type=\"container\" data-e-type=\"container\">\n\t\t\t\t\t<div class=\"e-con-inner\">\n\t\t<div class=\"elementor-element elementor-element-966d1ae e-con-full e-flex e-con e-child\" data-id=\"966d1ae\" data-element_type=\"container\" data-e-type=\"container\">\n\t\t\t\t<div class=\"elementor-element elementor-element-3befd89 elementor-widget elementor-widget-heading\" data-id=\"3befd89\" data-element_type=\"widget\" data-e-type=\"widget\" data-widget_type=\"heading.default\">\n\t\t\t\t\t<h2 class=\"elementor-heading-title elementor-size-default\">POLITIQUE DE CONFIDENTIALIT\u00c9<\/h2>\t\t\t\t<\/div>\n\t\t\t\t<\/div>\n\t\t\t\t\t<\/div>\n\t\t\t\t<\/div>\n\t\t<div class=\"elementor-element elementor-element-fafd83e e-flex e-con-boxed e-con e-parent\" data-id=\"fafd83e\" data-element_type=\"container\" data-e-type=\"container\">\n\t\t\t\t\t<div class=\"e-con-inner\">\n\t\t<div class=\"elementor-element elementor-element-a364c82 e-con-full e-flex e-con e-child\" data-id=\"a364c82\" data-element_type=\"container\" data-e-type=\"container\">\n\t\t\t\t<div class=\"elementor-element elementor-element-e29c901 elementor-widget elementor-widget-text-editor\" data-id=\"e29c901\" data-element_type=\"widget\" data-e-type=\"widget\" data-widget_type=\"text-editor.default\">\n\t\t\t\t\t\t\t\t\t<p><strong>VALORIS PARTNERS, S.L.<\/strong><\/p><p>Derni\u00e8re mise \u00e0 jour : [mars 2026]<\/p><p><strong>1. Responsable du traitement<\/strong><\/p><p>VALORIS PARTNERS, S.L.<br \/>Courrier \u00e9lectronique : <a href=\"mailto:info@valorisbrandsgroup.com\" target=\"_blank\" rel=\"noopener\">info@valorisbrandsgroup.com<\/a><br \/>T\u00e9l\u00e9phone : +34 609 48 74 45<\/p><p><strong>2. Finalit\u00e9 du traitement des donn\u00e9es<\/strong><\/p><p>Les donn\u00e9es personnelles fournies par l&rsquo;utilisateur via le Site Web seront trait\u00e9es pour les finalit\u00e9s suivantes :<\/p><ul><li>R\u00e9pondre aux demandes de renseignements ou d&rsquo;information<\/li><li>G\u00e9rer les communications professionnelles<\/li><li>Maintenir des relations commerciales ou pr\u00e9contractuelles<\/li><li>Respecter les obligations l\u00e9gales applicables<\/li><\/ul><p style=\"padding-top: 12px;\">Aucune d\u00e9cision automatis\u00e9e ni \u00e9laboration de profils ne seront effectu\u00e9es.<\/p><p><strong>3. Base juridique<\/strong><\/p><p>Les bases l\u00e9gales pour le traitement des donn\u00e9es sont :<\/p><ul><li>Le consentement de la personne concern\u00e9e<\/li><li>L&rsquo;ex\u00e9cution d&rsquo;une relation pr\u00e9contractuelle ou contractuelle<\/li><li>Le respect des obligations l\u00e9gales<\/li><li>L&rsquo;int\u00e9r\u00eat l\u00e9gitime du responsable \u00e0 g\u00e9rer ad\u00e9quatement les relations professionnelles<\/li><\/ul><p style=\"padding-top: 12px;\"><strong>4. Cat\u00e9gories de donn\u00e9es trait\u00e9es<\/strong><\/p><p>Les cat\u00e9gories de donn\u00e9es suivantes pourront \u00eatre trait\u00e9es :<\/p><ul><li>Nom et pr\u00e9noms<\/li><li>Adresse de courrier \u00e9lectronique<\/li><li>T\u00e9l\u00e9phone<\/li><li>Informations professionnelles fournies volontairement<\/li><\/ul><p style=\"padding-top: 12px;\">Aucune cat\u00e9gorie sp\u00e9ciale de donn\u00e9es (donn\u00e9es sensibles) n&rsquo;est trait\u00e9e.<\/p><p><strong>5. Conservation des donn\u00e9es<\/strong><\/p><p>Les donn\u00e9es personnelles seront conserv\u00e9es :<\/p><ul><li>Tant qu&rsquo;il existe une relation contractuelle ou professionnelle<\/li><li>Tant que leur suppression n&rsquo;est pas demand\u00e9e<\/li><li>Pendant les d\u00e9lais l\u00e9gaux exig\u00e9s par la r\u00e9glementation applicable<\/li><\/ul><p style=\"padding-top: 12px;\"><strong>6. Destinataires<\/strong>.<\/p><p>Aucune donn\u00e9e ne sera c\u00e9d\u00e9e \u00e0 des tiers, sauf obligation l\u00e9gale. Aucun transfert international de donn\u00e9es n&rsquo;est effectu\u00e9.<\/p><p>Dans le cas o\u00f9, \u00e0 l&rsquo;avenir, des prestataires technologiques externes impliquant un acc\u00e8s aux donn\u00e9es seraient utilis\u00e9s, les contrats de sous-traitance correspondants seront sign\u00e9s conform\u00e9ment \u00e0 l&rsquo;article 28 du RGPD.<\/p><p><strong>7. Droits de la personne concern\u00e9e<\/strong><\/p><p>La personne concern\u00e9e peut exercer les droits suivants :<\/p><ul><li>Acc\u00e8s<\/li><li>Rectification<\/li><li>Suppression (Droit \u00e0 l&rsquo;oubli)<\/li><li>Limitation du traitement<\/li><li>Opposition<\/li><li>Portabilit\u00e9<\/li><\/ul><p style=\"padding-top: 12px;\">Pour exercer ces droits, vous pouvez envoyer une demande \u00e0 <a href=\"mailto:info@valorisbrandsgroup.com\" target=\"_blank\" rel=\"noopener\">info@valorisbrandsgroup.com\u00a0<\/a>en indiquant :<\/p><ul><li>Nom complet<\/li><li>Droit que vous souhaitez exercer<\/li><li>Document d&rsquo;identit\u00e9<\/li><\/ul><p style=\"padding-top: 12px;\">De m\u00eame, vous avez le droit de pr\u00e9senter une r\u00e9clamation aupr\u00e8s de l&rsquo;Agence Espagnole de Protection des Donn\u00e9es (<a href=\"http:\/\/www.aepd.es)\" target=\"_blank\" rel=\"noopener\">www.aepd.es)<\/a>.<\/p><p><strong>8. S\u00e9curit\u00e9 de l&rsquo;information<\/strong><\/p><p>VALORIS PARTNERS, S.L. adopte les mesures techniques et organisationnelles n\u00e9cessaires pour garantir la confidentialit\u00e9, l&rsquo;int\u00e9grit\u00e9 et la disponibilit\u00e9 des donn\u00e9es personnelles.<\/p><p>Toutefois, l&rsquo;utilisateur doit \u00eatre conscient que les mesures de s\u00e9curit\u00e9 sur Internet ne sont pas inexpugnables.<\/p><p><strong>9. Confidentialit\u00e9<\/strong><\/p><p>Les informations fournies par les utilisateurs seront trait\u00e9es avec une confidentialit\u00e9 absolue et ne seront pas utilis\u00e9es \u00e0 des fins autres que celles express\u00e9ment indiqu\u00e9es. Le personnel et les collaborateurs du responsable sont soumis \u00e0 des obligations de confidentialit\u00e9 professionnelle.<\/p><p><strong>10. Modifications<\/strong><\/p><p>La pr\u00e9sente Politique de Confidentialit\u00e9 pourra \u00eatre mise \u00e0 jour en fonction des changements l\u00e9gislatifs ou techniques. Il est recommand\u00e9 de consulter r\u00e9guli\u00e8rement cette section.<\/p>\t\t\t\t\t\t\t\t<\/div>\n\t\t\t\t<\/div>\n\t\t\t\t\t<\/div>\n\t\t\t\t<\/div>\n\t\t<div class=\"elementor-element elementor-element-3cb57f4 e-flex e-con-boxed e-con e-parent\" data-id=\"3cb57f4\" data-element_type=\"container\" data-e-type=\"container\" id=\"mentions\">\n\t\t\t\t\t<div class=\"e-con-inner\">\n\t\t<div class=\"elementor-element elementor-element-651cc35 e-con-full e-flex e-con e-child\" data-id=\"651cc35\" data-element_type=\"container\" data-e-type=\"container\">\n\t\t\t\t<div class=\"elementor-element elementor-element-1336bc9 elementor-widget elementor-widget-heading\" data-id=\"1336bc9\" data-element_type=\"widget\" data-e-type=\"widget\" data-widget_type=\"heading.default\">\n\t\t\t\t\t<h2 class=\"elementor-heading-title elementor-size-default\">MENTIONS L\u00c9GALES<\/h2>\t\t\t\t<\/div>\n\t\t\t\t<\/div>\n\t\t\t\t\t<\/div>\n\t\t\t\t<\/div>\n\t\t<div class=\"elementor-element elementor-element-b8f235b e-flex e-con-boxed e-con e-parent\" data-id=\"b8f235b\" data-element_type=\"container\" data-e-type=\"container\">\n\t\t\t\t\t<div class=\"e-con-inner\">\n\t\t<div class=\"elementor-element elementor-element-726ed3c e-con-full e-flex e-con e-child\" data-id=\"726ed3c\" data-element_type=\"container\" data-e-type=\"container\">\n\t\t\t\t<div class=\"elementor-element elementor-element-508ebb3 elementor-widget elementor-widget-text-editor\" data-id=\"508ebb3\" data-element_type=\"widget\" data-e-type=\"widget\" data-widget_type=\"text-editor.default\">\n\t\t\t\t\t\t\t\t\t<p><strong>VALORIS PARTNERS, S.L.<\/strong><\/p><p>Derni\u00e8re mise \u00e0 jour : [mars 2026]<\/p><p><strong>1. Donn\u00e9es d&rsquo;identification<\/strong><\/p><p>En application du devoir d&rsquo;information pr\u00e9vu \u00e0 l&rsquo;article 10 de la Loi 34\/2002 du 11 juillet sur les Services de la Soci\u00e9t\u00e9 de l&rsquo;Information et du Commerce \u00c9lectronique (LSSI-CE), il est pr\u00e9cis\u00e9 que :<\/p><p>Titulaire du site web :<\/p><p>VALORIS PARTNERS, S.L.<br \/>Courrier \u00e9lectronique : <a href=\"mailto:info@valorisbrandsgroup.com\" target=\"_blank\" rel=\"noopener\">info@valorisbrandsgroup.com<\/a><br \/>T\u00e9l\u00e9phone : +34 609 48 74 45<\/p><p>Les pr\u00e9sentes Mentions L\u00e9gales r\u00e9gissent l&rsquo;acc\u00e8s et l&rsquo;utilisation du site web <a href=\"https:\/\/valorisbrandsgroup.com\" target=\"_blank\" rel=\"noopener\">https:\/\/valorisbrandsgroup.com<\/a> (ci-apr\u00e8s, le \u00ab Site Web \u00bb).<\/p><p><strong>2. Objet<\/strong><\/p><p>Le Site Web a pour objet d&rsquo;offrir des informations sur les services professionnels fournis par VALORIS PARTNERS, S.L., relatifs au conseil strat\u00e9gique, au d\u00e9veloppement de marque, aux licences et \u00e0 l&rsquo;expansion internationale.<\/p><p>L&rsquo;acc\u00e8s et la navigation sur le Site Web conf\u00e8rent la condition d&rsquo;utilisateur et impliquent l&rsquo;acceptation pleine et sans r\u00e9serve des pr\u00e9sentes Mentions L\u00e9gales.<\/p><p><strong>3. Conditions d&rsquo;utilisation<\/strong><\/p><p>L&rsquo;utilisateur s&rsquo;engage \u00e0 utiliser le Site Web conform\u00e9ment \u00e0 la loi, \u00e0 la bonne foi, \u00e0 l&rsquo;ordre public et aux pr\u00e9sentes Mentions L\u00e9gales.<\/p><p>L&rsquo;utilisation du Site Web \u00e0 des fins illicites ou pr\u00e9judiciables pouvant causer un dommage au titulaire ou \u00e0 des tiers est interdite.<\/p><p>VALORIS PARTNERS, S.L. se r\u00e9serve le droit de modifier \u00e0 tout moment le contenu du Site Web ainsi que les conditions d&rsquo;acc\u00e8s.<\/p><p><strong>4. Propri\u00e9t\u00e9 intellectuelle et industrielle<\/strong><\/p><p>Tous les contenus du Site Web, incluant, entre autres :<\/p><ul><li>Textes<\/li><li>Images<\/li><li>Logotypes<\/li><li>Designs<\/li><li>Structure<\/li><li>\u00c9l\u00e9ments graphiques<\/li><li>Code source<\/li><\/ul><p style=\"padding-top: 12px;\">sont la propri\u00e9t\u00e9 de VALORIS PARTNERS, S.L. ou de tiers autoris\u00e9s, et sont prot\u00e9g\u00e9s par la r\u00e9glementation en vigueur en mati\u00e8re de propri\u00e9t\u00e9 intellectuelle et industrielle.<\/p><p>Pour exercer ces droits, vous pouvez envoyer une demande \u00e0 <a href=\"mailto:info@valorisbrandsgroup.com\" target=\"_blank\" rel=\"noopener\">info@valorisbrandsgroup.com\u00a0<\/a>en indiquant :<\/p><p>Leur reproduction, distribution, communication publique ou transformation sans l&rsquo;autorisation expresse du titulaire est interdite.<\/p><p><strong>5. Responsabilit\u00e9<\/strong><\/p><p>VALORIS PARTNERS, S.L. n&rsquo;est pas responsable de :<\/p><ul><li>La mauvaise utilisation que les utilisateurs pourraient faire du Site Web<\/li><li>La continuit\u00e9 technique du fonctionnement du Site Web<\/li><li>L&rsquo;existence de virus ou d&rsquo;autres \u00e9l\u00e9ments nuisibles pouvant affecter les syst\u00e8mes de l&rsquo;utilisateur<\/li><\/ul><p style=\"padding-top: 12px;\">Le titulaire ne garantit pas la disponibilit\u00e9 permanente du Site Web ni l&rsquo;absence d&rsquo;erreurs dans le contenu.<\/p><p><strong>6. Liens externes<\/strong><\/p><p>Le Site Web contient des liens vers des sites web de tiers. VALORIS PARTNERS, S.L. n&rsquo;assume aucune responsabilit\u00e9 quant au contenu, aux politiques ou aux pratiques de ces sites externes.<\/p><p><strong>7. Protection des donn\u00e9es<\/strong><\/p><p>Le traitement des donn\u00e9es personnelles est r\u00e9gi par les dispositions de la Politique de Confidentialit\u00e9 du Site Web, \u00e9labor\u00e9e conform\u00e9ment au R\u00e8glement (UE) 2016\/679 (RGPD) et \u00e0 la r\u00e9glementation espagnole en vigueur.<\/p><p><strong>8. L\u00e9gislation applicable et juridiction<\/strong><\/p><p>Les pr\u00e9sentes Mentions L\u00e9gales sont r\u00e9gies par la l\u00e9gislation espagnole.<\/p><p>Pour la r\u00e9solution de tout litige pouvant survenir en relation avec le Site Web, les parties se soumettent aux Cours et Tribunaux du domicile du titulaire du site web, sauf si la r\u00e9glementation applicable en dispose autrement.<\/p>\t\t\t\t\t\t\t\t<\/div>\n\t\t\t\t<\/div>\n\t\t\t\t\t<\/div>\n\t\t\t\t<\/div>\n\t\t<div class=\"elementor-element elementor-element-f1ffb22 e-flex e-con-boxed e-con e-parent\" data-id=\"f1ffb22\" data-element_type=\"container\" data-e-type=\"container\" id=\"cookies\">\n\t\t\t\t\t<div class=\"e-con-inner\">\n\t\t<div class=\"elementor-element elementor-element-56967e2 e-con-full e-flex e-con e-child\" data-id=\"56967e2\" data-element_type=\"container\" data-e-type=\"container\">\n\t\t\t\t<div class=\"elementor-element elementor-element-5bef63f elementor-widget elementor-widget-heading\" data-id=\"5bef63f\" data-element_type=\"widget\" data-e-type=\"widget\" data-widget_type=\"heading.default\">\n\t\t\t\t\t<h2 class=\"elementor-heading-title elementor-size-default\">POLITIQUE RELATIVE AUX COOKIES<\/h2>\t\t\t\t<\/div>\n\t\t\t\t<\/div>\n\t\t\t\t\t<\/div>\n\t\t\t\t<\/div>\n\t\t<div class=\"elementor-element elementor-element-df33e5b e-flex e-con-boxed e-con e-parent\" data-id=\"df33e5b\" data-element_type=\"container\" data-e-type=\"container\">\n\t\t\t\t\t<div class=\"e-con-inner\">\n\t\t<div class=\"elementor-element elementor-element-9c3ca7b e-con-full e-flex e-con e-child\" data-id=\"9c3ca7b\" data-element_type=\"container\" data-e-type=\"container\">\n\t\t\t\t<div class=\"elementor-element elementor-element-7d0d747 elementor-widget elementor-widget-text-editor\" data-id=\"7d0d747\" data-element_type=\"widget\" data-e-type=\"widget\" data-widget_type=\"text-editor.default\">\n\t\t\t\t\t\t\t\t\t<p><strong>VALORIS PARTNERS, S.L.<\/strong><\/p><p>Derni\u00e8re mise \u00e0 jour : [mars 2026]<\/p><p><strong>1. Qu&rsquo;est-ce que les cookies ?<\/strong><\/p><p>Les cookies sont de petits fichiers texte qui sont stock\u00e9s sur l&rsquo;appareil de l&rsquo;utilisateur lorsqu&rsquo;il visite un site web. Leur finalit\u00e9 est de reconna\u00eetre l&rsquo;utilisateur, de m\u00e9moriser ses pr\u00e9f\u00e9rences et d&rsquo;am\u00e9liorer l&rsquo;exp\u00e9rience de navigation.<\/p><p><strong>2. Quel type de cookies utilise ce site web ?<\/strong><\/p><p>Le site web <a href=\"https:\/\/valorisbrandsgroup.com\" target=\"_blank\" rel=\"noopener\">https:\/\/valorisbrandsgroup.com<\/a> utilise exclusivement des cookies techniques propres.<\/p><p><strong>Cookies techniques n\u00e9cessaires :<\/strong><\/p><p>Ces cookies sont essentiels au fonctionnement de base du site web et permettent :<\/p><ul><li>La navigation sur la page<\/li><li>L&rsquo;acc\u00e8s \u00e0 des zones s\u00e9curis\u00e9es<\/li><li>L&rsquo;affichage correct du contenu<\/li><li>La gestion du consentement relatif aux cookies<\/li><\/ul><p style=\"padding-top: 12px;\">Ces cookies ne n\u00e9cessitent pas le consentement de l&rsquo;utilisateur conform\u00e9ment \u00e0 l&rsquo;article 22.2 de la LSSI-CE. VALORIS PARTNERS, S.L. n&rsquo;utilise pas de cookies analytiques, publicitaires ou de tiers.<\/p><p><strong>3. Base juridique<\/strong><\/p><p>La base l\u00e9gale pour l&rsquo;utilisation des cookies techniques est l&rsquo;int\u00e9r\u00eat l\u00e9gitime du responsable \u00e0 garantir le bon fonctionnement du site web.<\/p><p>Dans le cas o\u00f9 des cookies analytiques ou de tiers seraient int\u00e9gr\u00e9s \u00e0 l&rsquo;avenir, le consentement pr\u00e9alable et expr\u00e8s de l&rsquo;utilisateur sera demand\u00e9.<\/p><p><strong>4. Conservation des cookies<\/strong><\/p><p>Les cookies techniques sont stock\u00e9s uniquement pendant le temps n\u00e9cessaire pour permettre la navigation ou g\u00e9rer les pr\u00e9f\u00e9rences de l&rsquo;utilisateur.<\/p><p><strong>5. Comment g\u00e9rer les cookies<\/strong><\/p><p>L&rsquo;utilisateur peut configurer son navigateur pour bloquer ou supprimer les cookies install\u00e9s sur son appareil.<\/p><p>Voici les liens vers la configuration des principaux navigateurs :<\/p><ul><li><a href=\"https:\/\/support.google.com\/chrome\/answer\/95647?hl=fr\" target=\"_blank\" rel=\"noopener\">Google Chrome<\/a><\/li><li><a href=\"https:\/\/support.mozilla.org\/fr\/kb\/effacer-cookies-donnees-site-firefox\" target=\"_blank\" rel=\"noopener\">Mozilla Firefox<\/a><\/li><li><a href=\"https:\/\/support.apple.com\/fr-fr\/guide\/safari\/sfri11471\/mac\" target=\"_blank\" rel=\"noopener\">Safari<\/a><\/li><li><a href=\"https:\/\/support.microsoft.com\/fr-fr\/windows\/g%C3%A9rer-les-cookies-dans-microsoft-edge-afficher-autoriser-bloquer-supprimer-et-utiliser-168dab11-0753-043d-7c16-ede5947fc64d\" target=\"_blank\" rel=\"noopener\">Microsoft Edge<\/a><\/li><li><a href=\"https:\/\/help.opera.com\/en\/latest\/web-preferences\/\" target=\"_blank\" rel=\"noopener\">Opera<\/a><\/li><\/ul><p style=\"padding-top: 12px;\">La d\u00e9sactivation des cookies techniques peut affecter le bon fonctionnement du site web.<\/p><p><strong>6. Responsable du traitement<\/strong><\/p><p>Responsable : VALORIS PARTNERS, S.L.<br \/>T\u00e9l\u00e9phone : +34 609 48 74 45<br \/>Courrier \u00e9lectronique : <a href=\"mailto:info@valorisbrandsgroup.com\" target=\"_blank\" rel=\"noopener\">info@valorisbrandsgroup.com<\/a><\/p><p>Jusqu&rsquo;\u00e0 la constitution formelle de la soci\u00e9t\u00e9, la gestion du site web est assur\u00e9e par ses promoteurs.<\/p><p><strong>7. Modifications<\/strong><\/p><p>La pr\u00e9sente Politique relative aux Cookies pourra \u00eatre mise \u00e0 jour en fonction des changements r\u00e9glementaires ou techniques. Il est recommand\u00e9 de consulter r\u00e9guli\u00e8rement cette section.<\/p>\t\t\t\t\t\t\t\t<\/div>\n\t\t\t\t<\/div>\n\t\t\t\t\t<\/div>\n\t\t\t\t<\/div>\n\t\t\t\t<\/div>\n\t\t","protected":false},"excerpt":{"rendered":"<p>POLITIQUE DE CONFIDENTIALIT\u00c9 VALORIS PARTNERS, S.L. Derni\u00e8re mise \u00e0 jour : [mars 2026] 1. Responsable du traitement VALORIS PARTNERS, S.L.Courrier \u00e9lectronique : info@valorisbrandsgroup.comT\u00e9l\u00e9phone : +34 609 48 74 45 2. Finalit\u00e9 du traitement des donn\u00e9es Les donn\u00e9es personnelles fournies par l&rsquo;utilisateur via le Site Web seront trait\u00e9es pour les finalit\u00e9s suivantes : R\u00e9pondre aux demandes [&hellip;]<\/p>\n","protected":false},"author":2,"featured_media":0,"parent":0,"menu_order":0,"comment_status":"closed","ping_status":"closed","template":"","meta":{"footnotes":""},"class_list":["post-9332","page","type-page","status-publish","hentry"],"_links":{"self":[{"href":"https:\/\/valorisbrandsgroup.com\/fr\/wp-json\/wp\/v2\/pages\/9332","targetHints":{"allow":["GET"]}}],"collection":[{"href":"https:\/\/valorisbrandsgroup.com\/fr\/wp-json\/wp\/v2\/pages"}],"about":[{"href":"https:\/\/valorisbrandsgroup.com\/fr\/wp-json\/wp\/v2\/types\/page"}],"author":[{"embeddable":true,"href":"https:\/\/valorisbrandsgroup.com\/fr\/wp-json\/wp\/v2\/users\/2"}],"replies":[{"embeddable":true,"href":"https:\/\/valorisbrandsgroup.com\/fr\/wp-json\/wp\/v2\/comments?post=9332"}],"version-history":[{"count":37,"href":"https:\/\/valorisbrandsgroup.com\/fr\/wp-json\/wp\/v2\/pages\/9332\/revisions"}],"predecessor-version":[{"id":9372,"href":"https:\/\/valorisbrandsgroup.com\/fr\/wp-json\/wp\/v2\/pages\/9332\/revisions\/9372"}],"wp:attachment":[{"href":"https:\/\/valorisbrandsgroup.com\/fr\/wp-json\/wp\/v2\/media?parent=9332"}],"curies":[{"name":"wp","href":"https:\/\/api.w.org\/{rel}","templated":true}]}}